{"id":135,"date":"2015-07-18T19:40:42","date_gmt":"2015-07-18T19:40:42","guid":{"rendered":"http:\/\/www.cafeamerica.com.br\/?page_id=135"},"modified":"2024-04-05T13:07:39","modified_gmt":"2024-04-05T16:07:39","slug":"home","status":"publish","type":"page","link":"https:\/\/www.intercoffee.com.br\/en\/","title":{"rendered":"HOME"},"content":{"rendered":"<div  class=\"section fw-main-row  afbf2a283e82f8543577c89e1ed714ca fly-section-height-auto\"  >\n\t\t<div class=\"fw-container-fluid\">\n\t\t<div class=\"fw-row\">\n\t<div class=\"fw-col-xs-12\">\n\t<div class=\"video__container__principal\" style=\"max-height: 1070px;\"><div class=\"fw-col-xs-12\" style=\"padding: 0\"><video width=\"1920\" height=\"1080\" style=\"z-index: -1000;\" autoplay muted loop><source src=\"https:\/\/www.intercoffee.com.br\/wp-content\/uploads\/2019\/03\/Sequence-01_101_5.mp4\" type=\"video\/mp4\"><\/video><\/div><div class=\"title__principal\" style=\"z-index: 1; position: relative; top: -845px; left: 0; text-align: center;\"><h1 style=\"color: #ffffff; font-size: 50px;\">THE BEST COFFEE<br>Since 1962<\/h1><\/div><\/div><\/div>\n<\/div>\n\n<div class=\"fw-row\">\n\t<div class=\"fw-col-xs-12\">\n\t<\/div>\n<\/div>\n\n<div class=\"fw-row\">\n\t<div class=\"fw-col-xs-12\">\n\t<section class=\"fly-story-box container-min has-medium-font-size  auto\" style=\"\" >\n\t<div class=\"container\">\n\t\t<div class=\"row\">\n\t\t\t<div class=\"fly-divider-space space-md\" style=\"\"><\/div>\n\t\t<\/div>\n\t\t<div class=\"row\">\n\t\t\t<div class=\"col-sm-12\">\n\t\t\t\t\t\t\t\t\t<div class=\"fly-story-box-header\">\n\t\t\t\t\t\t<h3 class=\"fly-story-box-title\"><i class=\"fly-info-box-icon flyicon-coffee\"><\/i><br>Let Caf\u00e9 Am\u00e9rica amaze you<\/h3>\n\t\t\t\t\t\t<div class=\"fly-story-box-divider\"><\/div>\n\t\t\t\t\t<\/div>\n\t\t\t\t\t\t\t\t\t\t\t\t\t<div class=\"fly-story-box-content\">\n\t\t\t\t\t\t<p style=\"text-align: left;\" class=\"translation-block\">We have known, studied and worked with coffee since 1962 to deliver the best of coffee to the Brazilian market. We offer knowledge of the entire process related to the bean, from planting to extraction, and we put all our experience into each of Caf\u00e9 Am\u00e9rica's products.<\/p>\n\t\t\t\t\t<\/div>\n\t\t\t\t\t\t\t<\/div>\n\t\t<\/div>\n\t\t<div class=\"row\">\n\t\t\t<div class=\"fly-divider-space space-md\" style=\"\"><\/div>\n\t\t<\/div>\n\t<\/div>\n<\/section><\/div>\n<\/div>\n\n<div class=\"fw-row\">\n\t<div class=\"fw-col-xs-12\">\n\t<\/div>\n<\/div>\n\n<div class=\"fw-row\">\n\t<div class=\"fw-col-xs-12\">\n\t<section class=\"fly-info-box container-min has-medium-font-size\" >\n\t<div class=\"container\">\n\t\t<div class=\"row\">\n\t\t\t<div class=\"fly-divider-space space-sm\"><\/div>\n\t\t<\/div>\n\t\t<div class=\"row\">\n\t\t\t<div class=\"col-sm-12\">\n\t\t\t\t<div class=\"fly-info-box-header\">\n\t\t\t\t\t\t\t\t\t\t\t\t\t\t\t\t<h3 class=\"fly-info-box-title\">Coffee master<\/h3>\n\t\t\t\t\t\t\t\t\t<\/div>\n\t\t\t\t\t\t\t\t\t<div class=\"fly-info-box-image\">\n\t\t\t\t\t\t<img decoding=\"async\" src=\"\/\/www.intercoffee.com.br\/wp-content\/uploads\/2019\/02\/mestre-e1550865151429.jpg\" alt=\"\" \/>\n\t\t\t\t\t<\/div>\n\t\t\t\t\t\t\t\t<div class=\"fly-info-box-content\">\n\t\t\t\t\t<p style=\"text-align: left;\">Our coffee goes through strict quality control. We believe that nothing replaces the experience and affection of human hands, maintaining the standard and ensuring that Caf\u00e9 Am\u00e9rica always has the same flavor. No matter the year, month or batch: our 60 + years of experience goes into each and every bean.<\/p>\n\t\t\t\t<\/div>\n\t\t\t<\/div>\n\t\t<\/div>\n\t\t<div class=\"row\">\n\t\t\t<div class=\"fly-divider-space space-sm\"><\/div>\n\t\t<\/div>\n\t<\/div>\n<\/section>\n<\/div>\n<\/div>\n\n<div class=\"fw-row\">\n\t<div class=\"fw-col-xs-12\">\n\t<section class=\"fly-simple-text fly-story-box has-medium-font-size  fly-section-height-custom\" style=\"\" >\n\t<div class=\"container\">\n\t\t<div class=\"row\">\n\t\t\t<div class=\"fly-divider-space\" style=\"height: 0px;\"><\/div>\n\t\t<\/div>\n\t\t<div class=\"row\">\n\t\t\t<div class=\"col-sm-12\">\n\t\t\t\t\t\t\t\t\t\t\t\t\t<div class=\"fly-simple-box-content\">\n\t\t\t\t\t\t<style>.video-container video {    width: 100%;    height: auto;    transform: translate(50%,50%);    position: absolute;    bottom: 50%;    right: 50%;}<\/style>\n\t\t\t\t\t<\/div>\n\t\t\t\t\t\t\t<\/div>\n\t\t<\/div>\n\t\t<div class=\"row\">\n\t\t\t<div class=\"fly-divider-space\" style=\"height: 0px;\"><\/div>\n\t\t<\/div>\n\t<\/div>\n<\/section><\/div>\n<\/div>\n\n<div class=\"fw-row\">\n\t<div class=\"fw-col-xs-12\">\n\t<section class=\"fly-wrap-contact-form container-min fly-form-light-style\" style=\"background-image: url('\/\/www.intercoffee.com.br\/wp-content\/uploads\/2019\/03\/35.jpg');\">\n\t<div class=\"container\">\n\t\t<div class=\"row\">\n\t\t\t<div class=\"fly-divider-space space-sm\"><\/div>\n\t\t\t<div class=\"fw-contact-form tf-sh-9dd981cc7e9dbd1bf319b699ad82944b\">\n\t\t\t\t<div class=\"fw-row wrap-forms wrap-contact-forms\">\n\t\t\t\t\t<form data-fw-form-id=\"fw_form\" method=\"post\" action=\"https:\/\/www.intercoffee.com.br\/en\/wp-json\/wp\/v2\/pages\/135\" class=\"fw_form_fw_form\" data-fw-ext-forms-type=\"contact-forms\" data-trp-original-action=\"https:\/\/www.intercoffee.com.br\/en\/wp-json\/wp\/v2\/pages\/135\"  ><input type=\"hidden\" name=\"fwf\" value=\"fw_form\" \/><input type=\"hidden\" id=\"_nonce_3f84493cd5787b6a97b53a5866258e33\" name=\"_nonce_3f84493cd5787b6a97b53a5866258e33\" value=\"4b6cc1a6f3\" \/><input type=\"hidden\" name=\"_wp_http_referer\" value=\"\/en\/wp-json\/wp\/v2\/pages\/135\" \/><input type=\"hidden\" name=\"fw_ext_forms_form_type\" value=\"contact-forms\" \/><input type=\"hidden\" name=\"fw_ext_forms_form_id\" value=\"9dd981cc7e9dbd1bf319b699ad82944b\" \/><div class=\"fw-row\">\t<div class=\"header title\">\n\t\t\t\t\t<h2 class=\"fly-contact-form-info-title\">Resell our products<\/h2>\n\t\t\t<div class=\"fly-contact-form-title-divider\"><\/div>\n\t\t\t\t\t\t\t<div class=\"fly-contact-form-info-block\">In retail or food service, find out how Caf\u00e9 Am\u00e9rica can help you!<\/div>\n\t\t\t<\/div>\n<\/div><div class=\"fw-row\"><div class=\"fw-col-xs-12 fw-col-sm-6 form-builder-item\">\n\t<div class=\"field-text\">\n\t\t\t\t\t<label for=\"id-1\">NAME\t\t\t\t<sup>*<\/sup>\t\t\t<\/label>\n\t\t\t\t<input type=\"text\" name=\"text_950ea6a\" placeholder=\"\" value=\"\" id=\"id-1\" required=\"required\" >\n\t\t\t<\/div>\n<\/div><div class=\"fw-col-xs-12 fw-col-sm-6 form-builder-item\">\n\t<div class=\"field-text\">\n\t\t\t\t\t<label for=\"id-2\">EMAIL\t\t\t\t<sup>*<\/sup>\t\t\t<\/label>\n\t\t\t\t<input type=\"text\" name=\"email_9b21447\" placeholder=\"\" value=\"\" id=\"id-2\" required=\"required\" >\n\t\t\t<\/div>\n<\/div><\/div><div class=\"fw-row\"><div class=\"fw-col-xs-12 fw-col-sm-6 form-builder-item\">\n\t<div class=\"field-text\">\n\t\t\t\t\t<label for=\"id-3\">CELL PHONE\t\t\t\t<sup>*<\/sup>\t\t\t<\/label>\n\t\t\t\t<input type=\"text\" name=\"number_157211c\" placeholder=\"\" value=\"\" id=\"id-3\" required=\"required\" data-constraint=\"{&quot;type&quot;:&quot;value&quot;,&quot;data&quot;:{&quot;min&quot;:0,&quot;max&quot;:0}}\" >\n\t\t\t<\/div>\n<\/div><div class=\"fw-col-xs-12 fw-col-sm-6 form-builder-item\">\n\t<div class=\"field-text\">\n\t\t\t\t\t<label for=\"id-4\">BUSINESS PHONE\t\t\t\t<sup>*<\/sup>\t\t\t<\/label>\n\t\t\t\t<input type=\"text\" name=\"number_f53a10e\" placeholder=\"\" value=\"\" id=\"id-4\" required=\"required\" data-constraint=\"{&quot;type&quot;:&quot;value&quot;,&quot;data&quot;:{&quot;min&quot;:0,&quot;max&quot;:0}}\" >\n\t\t\t<\/div>\n<\/div><\/div><div class=\"fw-row\"><\/div><div class=\"field-submit\">\n\t<input type=\"submit\" value=\"Send\"\/>\n<\/div><input type=\"hidden\" name=\"trp-form-language\" value=\"en\"\/><\/form>\t\t\t\t<\/div>\n\t\t\t<\/div>\n\t\t\t<div class=\"fly-divider-space space-sm\"><\/div>\n\t\t<\/div>\n\t<\/div>\n<\/section><\/div>\n<\/div>\n\n\t<\/div>\n<\/div>","protected":false},"excerpt":{"rendered":"<p>O MELHOR CAF\u00c9Desde 1962 Deixe-se surpreender pelo Caf\u00e9 Am\u00e9rica Conhecemos, estudamos e trabalhamos com caf\u00e9 desde 1962 para entregar ao mercado brasileiro o melhor do caf\u00e9. Trazemos o conhecimento de todos os processos relacionados ao gr\u00e3o, do plantio \u00e0 extra\u00e7\u00e3o, e entregamos toda a nossa experi\u00eancia em cada um dos produtos Caf\u00e9 Am\u00e9rica. MESTRE CAFEEIRO [&hellip;]<\/p>","protected":false},"author":4,"featured_media":0,"parent":0,"menu_order":0,"comment_status":"open","ping_status":"open","template":"visual-builder-template.php","meta":{"footnotes":""},"class_list":["post-135","page","type-page","status-publish","hentry"],"_links":{"self":[{"href":"https:\/\/www.intercoffee.com.br\/en\/wp-json\/wp\/v2\/pages\/135"}],"collection":[{"href":"https:\/\/www.intercoffee.com.br\/en\/wp-json\/wp\/v2\/pages"}],"about":[{"href":"https:\/\/www.intercoffee.com.br\/en\/wp-json\/wp\/v2\/types\/page"}],"author":[{"embeddable":true,"href":"https:\/\/www.intercoffee.com.br\/en\/wp-json\/wp\/v2\/users\/4"}],"replies":[{"embeddable":true,"href":"https:\/\/www.intercoffee.com.br\/en\/wp-json\/wp\/v2\/comments?post=135"}],"version-history":[{"count":95,"href":"https:\/\/www.intercoffee.com.br\/en\/wp-json\/wp\/v2\/pages\/135\/revisions"}],"predecessor-version":[{"id":1094,"href":"https:\/\/www.intercoffee.com.br\/en\/wp-json\/wp\/v2\/pages\/135\/revisions\/1094"}],"wp:attachment":[{"href":"https:\/\/www.intercoffee.com.br\/en\/wp-json\/wp\/v2\/media?parent=135"}],"curies":[{"name":"wp","href":"https:\/\/api.w.org\/{rel}","templated":true}]}}