{"id":126,"date":"2015-07-18T16:21:36","date_gmt":"2015-07-18T19:21:36","guid":{"rendered":"http:\/\/www.intercoffee.com.br\/?page_id=126"},"modified":"2024-04-04T15:06:26","modified_gmt":"2024-04-04T18:06:26","slug":"intercoffee","status":"publish","type":"page","link":"https:\/\/www.intercoffee.com.br\/en\/intercoffee\/","title":{"rendered":"INTERCOFFEE"},"content":{"rendered":"<div  class=\"section fw-main-row  160e069fddb45633db2fe07ef03d05a9 fly-section-height-auto\"  >\n\t\t<div class=\"fw-container-fluid\">\n\t\t<div class=\"fw-row\">\n\t<div class=\"fw-col-xs-12\">\n\t<section class=\"fly-section-image fly-header-image  fly-section-overlay fly-section-height-md 4703dd938477f8e5ed294cc6a4af50dd header-image-shortcode\" style=\"background-image:url(https:\/\/www.intercoffee.com.br\/wp-content\/uploads\/2019\/01\/xicara2.jpg);\" >\n        <div class=\"container\">\n\t\t<div class=\"row\">\n\t\t\t\t\t\t\t<h3 class=\"fly-section-image-title-before\">About us<\/h3>\n\t\t\t\t\t\t\t\t\t\t<h2 class=\"fly-section-image-title-after\">INTERCOFFEE<\/h2>\n\t\t\t\t\t<\/div>\n\t<\/div>\n<\/section><\/div>\n<\/div>\n\n<div class=\"fw-row\">\n\t<div class=\"fw-col-xs-12\">\n\t<section class=\"fly-info-box container-min\" >\n\t<div class=\"container\">\n\t\t<div class=\"row\">\n\t\t\t<div class=\"fly-divider-space space-sm\"><\/div>\n\t\t<\/div>\n\t\t<div class=\"row\">\n\t\t\t<div class=\"col-sm-12\">\n\t\t\t\t<div class=\"fly-info-box-header\">\n\t\t\t\t\t\t\t\t\t\t\t<h5 class=\"fly-info-box-before-title\"><span>Who makes Caf\u00e9 Am\u00e9rica<\/span><\/h5>\n\t\t\t\t\t\t\t\t\t\t\t\t\t\t\t\t<h3 class=\"fly-info-box-title\">Learn about our history<\/h3>\n\t\t\t\t\t\t\t\t\t<\/div>\n\t\t\t\t\t\t\t\t<div class=\"fly-info-box-content\">\n\t\t\t\t\t\t\t\t\t<\/div>\n\t\t\t<\/div>\n\t\t<\/div>\n\t\t<div class=\"row\">\n\t\t\t<div class=\"fly-divider-space space-sm\"><\/div>\n\t\t<\/div>\n\t<\/div>\n<\/section>\n<\/div>\n<\/div>\n\n<div class=\"fw-row\">\n\t<div class=\"fw-col-xs-12 fw-col-sm-15\">\n\t<\/div>\n<div class=\"fw-col-xs-12 fw-col-sm-3\">\n\t\n\t\t\t<section class=\"fly-image-shortcode\">\n\t\t\t<div  class=\"container-fluid\">\n\t\t\t\t<div class=\"fly-block-image-parent\" style=\"width: 100%;\">\n\t\t\t\t\t<img decoding=\"async\" src=\"\/\/blogcafeamerica.web4server.com.br\/wp-content\/uploads\/2019\/02\/intercoffee-1.jpg\" alt=\"\" \/>\n\t\t\t\t<\/div>\n\t\t\t<\/div>\n\t\t<\/section>\n\t\n<\/div>\n<div class=\"fw-col-xs-12 fw-col-sm-4\">\n\t<section class=\"fly-story-box container-min   fly-section-height-md\" style=\"\" >\n\t<div class=\"container\">\n\t\t<div class=\"row\">\n\t\t\t<div class=\"fly-divider-space space-sm\" style=\"\"><\/div>\n\t\t<\/div>\n\t\t<div class=\"row\">\n\t\t\t<div class=\"col-sm-12\">\n\t\t\t\t\t\t\t\t\t<div class=\"fly-story-box-header\">\n\t\t\t\t\t\t<h3 class=\"fly-story-box-title\">1962 Intercoffee is born<\/h3>\n\t\t\t\t\t\t<div class=\"fly-story-box-divider\"><\/div>\n\t\t\t\t\t<\/div>\n\t\t\t\t\t\t\t\t\t\t\t\t\t<div class=\"fly-story-box-content\">\n\t\t\t\t\t\t<p>Intercoffee, founded in 1962, began its activities as a coffee commissioner and exporter, also working in the agropastoral sector with coffee cultivation and cattle breeding. <\/p>\n\t\t\t\t\t<\/div>\n\t\t\t\t\t\t\t<\/div>\n\t\t<\/div>\n\t\t<div class=\"row\">\n\t\t\t<div class=\"fly-divider-space space-sm\" style=\"\"><\/div>\n\t\t<\/div>\n\t<\/div>\n<\/section><\/div>\n<div class=\"fw-col-xs-12 fw-col-sm-15\">\n\t<\/div>\n<\/div>\n\n<div class=\"fw-row\">\n\t<div class=\"fw-col-xs-12 fw-col-sm-15\">\n\t<\/div>\n<div class=\"fw-col-xs-12 fw-col-sm-4\">\n\t<section class=\"fly-story-box container-min   fly-section-height-md\" style=\"\" >\n\t<div class=\"container\">\n\t\t<div class=\"row\">\n\t\t\t<div class=\"fly-divider-space space-sm\" style=\"\"><\/div>\n\t\t<\/div>\n\t\t<div class=\"row\">\n\t\t\t<div class=\"col-sm-12\">\n\t\t\t\t\t\t\t\t\t<div class=\"fly-story-box-header\">\n\t\t\t\t\t\t<h3 class=\"fly-story-box-title\">1970 Internationalization<\/h3>\n\t\t\t\t\t\t<div class=\"fly-story-box-divider\"><\/div>\n\t\t\t\t\t<\/div>\n\t\t\t\t\t\t\t\t\t\t\t\t\t<div class=\"fly-story-box-content\">\n\t\t\t\t\t\t<p>In the 1970s, the company gained a strong presence in the market, positioning itself among the largest in the country due to its excellent performance in exporting raw coffee to countries in Europe, North America and Asia. <\/p>\n\t\t\t\t\t<\/div>\n\t\t\t\t\t\t\t<\/div>\n\t\t<\/div>\n\t\t<div class=\"row\">\n\t\t\t<div class=\"fly-divider-space space-sm\" style=\"\"><\/div>\n\t\t<\/div>\n\t<\/div>\n<\/section><\/div>\n<div class=\"fw-col-xs-12 fw-col-sm-3\">\n\t\n\t\t\t<section class=\"fly-image-shortcode\">\n\t\t\t<div  class=\"container-fluid\">\n\t\t\t\t<div class=\"fly-block-image-parent\" style=\"width: 100%;\">\n\t\t\t\t\t<img decoding=\"async\" src=\"\/\/blogcafeamerica.web4server.com.br\/wp-content\/uploads\/2019\/02\/institu2.jpg\" alt=\"\" \/>\n\t\t\t\t<\/div>\n\t\t\t<\/div>\n\t\t<\/section>\n\t\n<\/div>\n<div class=\"fw-col-xs-12 fw-col-sm-15\">\n\t<\/div>\n<\/div>\n\n<div class=\"fw-row\">\n\t<div class=\"fw-col-xs-12 fw-col-sm-15\">\n\t<\/div>\n<div class=\"fw-col-xs-12 fw-col-sm-3\">\n\t\n\t\t\t<section class=\"fly-image-shortcode\">\n\t\t\t<div  class=\"container-fluid\">\n\t\t\t\t<div class=\"fly-block-image-parent\" style=\"width: 100%;\">\n\t\t\t\t\t<img decoding=\"async\" src=\"\/\/blogcafeamerica.web4server.com.br\/wp-content\/uploads\/2019\/02\/insittu3.jpg\" alt=\"\" \/>\n\t\t\t\t<\/div>\n\t\t\t<\/div>\n\t\t<\/section>\n\t\n<\/div>\n<div class=\"fw-col-xs-12 fw-col-sm-4\">\n\t<section class=\"fly-story-box container-min   fly-section-height-md\" style=\"\" >\n\t<div class=\"container\">\n\t\t<div class=\"row\">\n\t\t\t<div class=\"fly-divider-space space-sm\" style=\"\"><\/div>\n\t\t<\/div>\n\t\t<div class=\"row\">\n\t\t\t<div class=\"col-sm-12\">\n\t\t\t\t\t\t\t\t\t<div class=\"fly-story-box-header\">\n\t\t\t\t\t\t<h3 class=\"fly-story-box-title\">1975 Caf\u00e9 Am\u00e9rica<\/h3>\n\t\t\t\t\t\t<div class=\"fly-story-box-divider\"><\/div>\n\t\t\t\t\t<\/div>\n\t\t\t\t\t\t\t\t\t\t\t\t\t<div class=\"fly-story-box-content\">\n\t\t\t\t\t\t<p>A few years later, in 1975, Intercoffee began operating in the roasted, ground and bean coffee segment.<\/p>\n\t\t\t\t\t<\/div>\n\t\t\t\t\t\t\t<\/div>\n\t\t<\/div>\n\t\t<div class=\"row\">\n\t\t\t<div class=\"fly-divider-space space-sm\" style=\"\"><\/div>\n\t\t<\/div>\n\t<\/div>\n<\/section><\/div>\n<div class=\"fw-col-xs-12 fw-col-sm-15\">\n\t<\/div>\n<\/div>\n\n<div class=\"fw-row\">\n\t<div class=\"fw-col-xs-12 fw-col-sm-15\">\n\t<\/div>\n<div class=\"fw-col-xs-12 fw-col-sm-4\">\n\t<section class=\"fly-story-box container-min   fly-section-height-md\" style=\"\" >\n\t<div class=\"container\">\n\t\t<div class=\"row\">\n\t\t\t<div class=\"fly-divider-space space-sm\" style=\"\"><\/div>\n\t\t<\/div>\n\t\t<div class=\"row\">\n\t\t\t<div class=\"col-sm-12\">\n\t\t\t\t\t\t\t\t\t<div class=\"fly-story-box-header\">\n\t\t\t\t\t\t<h3 class=\"fly-story-box-title\">1993 Machines and food service<\/h3>\n\t\t\t\t\t\t<div class=\"fly-story-box-divider\"><\/div>\n\t\t\t\t\t<\/div>\n\t\t\t\t\t\t\t\t\t\t\t\t\t<div class=\"fly-story-box-content\">\n\t\t\t\t\t\t<p>Espresso machines began to be part of Intercoffee's history in 1993, when the company began to import the best brands in the world, offering them throughout Brazil, becoming a reference in the food service market.<\/p>\n\t\t\t\t\t<\/div>\n\t\t\t\t\t\t\t<\/div>\n\t\t<\/div>\n\t\t<div class=\"row\">\n\t\t\t<div class=\"fly-divider-space space-sm\" style=\"\"><\/div>\n\t\t<\/div>\n\t<\/div>\n<\/section><\/div>\n<div class=\"fw-col-xs-12 fw-col-sm-3\">\n\t\n\t\t\t<section class=\"fly-image-shortcode\">\n\t\t\t<div  class=\"container-fluid\">\n\t\t\t\t<div class=\"fly-block-image-parent\" style=\"width: 100%;\">\n\t\t\t\t\t<img decoding=\"async\" src=\"\/\/blogcafeamerica.web4server.com.br\/wp-content\/uploads\/2019\/02\/intitu4.jpg\" alt=\"\" \/>\n\t\t\t\t<\/div>\n\t\t\t<\/div>\n\t\t<\/section>\n\t\n<\/div>\n<div class=\"fw-col-xs-12 fw-col-sm-15\">\n\t<\/div>\n<\/div>\n\n<div class=\"fw-row\">\n\t<div class=\"fw-col-xs-12 fw-col-sm-4\">\n\t\n\t\t\t<section class=\"fly-image-shortcode\">\n\t\t\t<div  class=\"container-fluid\">\n\t\t\t\t<div class=\"fly-block-image-parent text-center\" style=\"width: 100%;\">\n\t\t\t\t\t<img decoding=\"async\" src=\"\/\/blogcafeamerica.web4server.com.br\/wp-content\/uploads\/2019\/02\/padro.jpg\" alt=\"\" \/>\n\t\t\t\t<\/div>\n\t\t\t<\/div>\n\t\t<\/section>\n\t\n<section class=\"fly-story-box container-min   fly-section-height-custom\" style=\" height:280px;\" >\n\t<div class=\"container\">\n\t\t<div class=\"row\">\n\t\t\t<div class=\"fly-divider-space space-md\" style=\"\"><\/div>\n\t\t<\/div>\n\t\t<div class=\"row\">\n\t\t\t<div class=\"col-sm-12\">\n\t\t\t\t\t\t\t\t\t<div class=\"fly-story-box-header\">\n\t\t\t\t\t\t<h3 class=\"fly-story-box-title\">Standardization<\/h3>\n\t\t\t\t\t\t<div class=\"fly-story-box-divider\"><\/div>\n\t\t\t\t\t<\/div>\n\t\t\t\t\t\t\t\t\t\t\t\t\t<div class=\"fly-story-box-content\">\n\t\t\t\t\t\t<p>Intercoffee has a completely appropriate and modernized structure to offer storage, standardization and classification services in the general warehouses area.<\/p>\n\t\t\t\t\t<\/div>\n\t\t\t\t\t\t\t<\/div>\n\t\t<\/div>\n\t\t<div class=\"row\">\n\t\t\t<div class=\"fly-divider-space space-md\" style=\"\"><\/div>\n\t\t<\/div>\n\t<\/div>\n<\/section><\/div>\n<div class=\"fw-col-xs-12 fw-col-sm-4\">\n\t\n\t\t\t<section class=\"fly-image-shortcode\">\n\t\t\t<div  class=\"container-fluid\">\n\t\t\t\t<div class=\"fly-block-image-parent text-center\" style=\"width: 100%;\">\n\t\t\t\t\t<img decoding=\"async\" src=\"\/\/blogcafeamerica.web4server.com.br\/wp-content\/uploads\/2019\/03\/comer.jpg\" alt=\"\" \/>\n\t\t\t\t<\/div>\n\t\t\t<\/div>\n\t\t<\/section>\n\t\n<section class=\"fly-story-box container-min   fly-section-height-custom\" style=\" height:280px;\" >\n\t<div class=\"container\">\n\t\t<div class=\"row\">\n\t\t\t<div class=\"fly-divider-space space-md\" style=\"\"><\/div>\n\t\t<\/div>\n\t\t<div class=\"row\">\n\t\t\t<div class=\"col-sm-12\">\n\t\t\t\t\t\t\t\t\t<div class=\"fly-story-box-header\">\n\t\t\t\t\t\t<h3 class=\"fly-story-box-title\">Commercialization<\/h3>\n\t\t\t\t\t\t<div class=\"fly-story-box-divider\"><\/div>\n\t\t\t\t\t<\/div>\n\t\t\t\t\t\t\t\t\t\t\t\t\t<div class=\"fly-story-box-content\">\n\t\t\t\t\t\t<p>We market and export coffee through a team of highly qualified and trained professionals to serve the entire market.<\/p>\n\t\t\t\t\t<\/div>\n\t\t\t\t\t\t\t<\/div>\n\t\t<\/div>\n\t\t<div class=\"row\">\n\t\t\t<div class=\"fly-divider-space space-md\" style=\"\"><\/div>\n\t\t<\/div>\n\t<\/div>\n<\/section><\/div>\n<div class=\"fw-col-xs-12 fw-col-sm-4\">\n\t\n\t\t\t<section class=\"fly-image-shortcode\">\n\t\t\t<div  class=\"container-fluid\">\n\t\t\t\t<div class=\"fly-block-image-parent text-center\" style=\"width: 100%;\">\n\t\t\t\t\t<img decoding=\"async\" src=\"\/\/blogcafeamerica.web4server.com.br\/wp-content\/uploads\/2019\/02\/indu.jpg\" alt=\"\" \/>\n\t\t\t\t<\/div>\n\t\t\t<\/div>\n\t\t<\/section>\n\t\n<section class=\"fly-story-box container-min   fly-section-height-custom\" style=\" height:280px;\" >\n\t<div class=\"container\">\n\t\t<div class=\"row\">\n\t\t\t<div class=\"fly-divider-space space-md\" style=\"\"><\/div>\n\t\t<\/div>\n\t\t<div class=\"row\">\n\t\t\t<div class=\"col-sm-12\">\n\t\t\t\t\t\t\t\t\t<div class=\"fly-story-box-header\">\n\t\t\t\t\t\t<h3 class=\"fly-story-box-title\">Industrialization <\/h3>\n\t\t\t\t\t\t<div class=\"fly-story-box-divider\"><\/div>\n\t\t\t\t\t<\/div>\n\t\t\t\t\t\t\t\t\t\t\t\t\t<div class=\"fly-story-box-content\">\n\t\t\t\t\t\t<p>Intercoffee, with its fully automated production line, uses a rigorous laboratory process, which controls the quality of its products in the industrial roasting sector.<\/p>\n\t\t\t\t\t<\/div>\n\t\t\t\t\t\t\t<\/div>\n\t\t<\/div>\n\t\t<div class=\"row\">\n\t\t\t<div class=\"fly-divider-space space-md\" style=\"\"><\/div>\n\t\t<\/div>\n\t<\/div>\n<\/section><\/div>\n<\/div>\n\n<div class=\"fw-row\">\n\t<div class=\"fw-col-xs-12\">\n\t<section class=\"fly-info-box container-min\" >\n\t<div class=\"container\">\n\t\t<div class=\"row\">\n\t\t\t<div class=\"fly-divider-space space-sm\"><\/div>\n\t\t<\/div>\n\t\t<div class=\"row\">\n\t\t\t<div class=\"col-sm-12\">\n\t\t\t\t<div class=\"fly-info-box-header\">\n\t\t\t\t\t\t\t\t\t\t\t\t\t\t\t\t<h3 class=\"fly-info-box-title\">Export<\/h3>\n\t\t\t\t\t\t\t\t\t<\/div>\n\t\t\t\t\t\t\t\t<div class=\"fly-info-box-content\">\n\t\t\t\t\t<p>Intercoffee maintains its excellence in the export of raw coffee to several countries, covering the markets of Europe, North America and Asia. This consistency reflects its commitment to quality and customer satisfaction, as well as strengthening its global presence in the coffee sector. With high quality production and efficient processes, Intercoffee contributes to the local and international economy, promoting sustainable development and appreciation of the coffee product. Through strategic partnerships and a solid distribution network, the company reaches new horizons and consolidates its position as a leader in the raw coffee export market.<\/p>\n\t\t\t\t<\/div>\n\t\t\t<\/div>\n\t\t<\/div>\n\t\t<div class=\"row\">\n\t\t\t<div class=\"fly-divider-space space-sm\"><\/div>\n\t\t<\/div>\n\t<\/div>\n<\/section>\n<\/div>\n<\/div>\n\n<div class=\"fw-row\">\n\t<div class=\"fw-col-xs-12\">\n\t<section class=\"fly-info-box container-min\" >\n\t<div class=\"container\">\n\t\t<div class=\"row\">\n\t\t\t<div class=\"fly-divider-space space-sm\"><\/div>\n\t\t<\/div>\n\t\t<div class=\"row\">\n\t\t\t<div class=\"col-sm-12\">\n\t\t\t\t<div class=\"fly-info-box-header\">\n\t\t\t\t\t\t\t\t\t\t\t\t\t\t\t\t<h3 class=\"fly-info-box-title\">Certificates<\/h3>\n\t\t\t\t\t\t\t\t\t<\/div>\n\t\t\t\t\t\t\t\t<div class=\"fly-info-box-content\">\n\t\t\t\t\t\t\t\t\t<\/div>\n\t\t\t<\/div>\n\t\t<\/div>\n\t\t<div class=\"row\">\n\t\t\t<div class=\"fly-divider-space space-sm\"><\/div>\n\t\t<\/div>\n\t<\/div>\n<\/section>\n<\/div>\n<\/div>\n\n<div class=\"fw-row\">\n\t<div class=\"fw-col-xs-12 fw-col-sm-3\">\n\t<\/div>\n<div class=\"fw-col-xs-12 fw-col-sm-3\">\n\t\n\t\t\t<section class=\"fly-image-shortcode\">\n\t\t\t<div  class=\"container-fluid\">\n\t\t\t\t<div class=\"fly-block-image-parent  fly-image-center\" style=\"width: 350px;\">\n\t\t\t\t\t<img decoding=\"async\" src=\"\/\/www.intercoffee.com.br\/wp-content\/uploads\/2024\/04\/selo-tradicional.png\" alt=\"\" \/>\n\t\t\t\t<\/div>\n\t\t\t<\/div>\n\t\t<\/section>\n\t\n<\/div>\n<div class=\"fw-col-xs-12 fw-col-sm-3\">\n\t\n\t\t\t<section class=\"fly-image-shortcode\">\n\t\t\t<div  class=\"container-fluid\">\n\t\t\t\t<div class=\"fly-block-image-parent  fly-image-center\" style=\"width: 350px;\">\n\t\t\t\t\t<img decoding=\"async\" src=\"\/\/www.intercoffee.com.br\/wp-content\/uploads\/2024\/04\/selo-gourmet.png\" alt=\"\" \/>\n\t\t\t\t<\/div>\n\t\t\t<\/div>\n\t\t<\/section>\n\t\n<\/div>\n<div class=\"fw-col-xs-12 fw-col-sm-3\">\n\t<\/div>\n<\/div>\n\n<div class=\"fw-row\">\n\t<div class=\"fw-col-xs-12\">\n\t<div class=\"fly-divider-space\" style=\"margin-bottom:50px;\"  ><\/div><\/div>\n<\/div>\n\n\t<\/div>\n<\/div>","protected":false},"excerpt":{"rendered":"<p>Quem somos INTERCOFFEE Quem faz o Caf\u00e9 Am\u00e9rica Conhe\u00e7a nossa hist\u00f3ria 1962 Nasce a Intercoffee A Intercoffee, fundada em 1962, iniciou suas atividades como comiss\u00e1ria e exportadora de caf\u00e9, atuando tamb\u00e9m no setor agropastoril com o cultivo do caf\u00e9 e a cria\u00e7\u00e3o de bovinos. 1970 A internacionaliza\u00e7\u00e3o Na d\u00e9cada de 1970, a empresa conquistou forte [&hellip;]<\/p>","protected":false},"author":4,"featured_media":0,"parent":0,"menu_order":0,"comment_status":"closed","ping_status":"closed","template":"visual-builder-template.php","meta":{"footnotes":""},"class_list":["post-126","page","type-page","status-publish","hentry"],"_links":{"self":[{"href":"https:\/\/www.intercoffee.com.br\/en\/wp-json\/wp\/v2\/pages\/126"}],"collection":[{"href":"https:\/\/www.intercoffee.com.br\/en\/wp-json\/wp\/v2\/pages"}],"about":[{"href":"https:\/\/www.intercoffee.com.br\/en\/wp-json\/wp\/v2\/types\/page"}],"author":[{"embeddable":true,"href":"https:\/\/www.intercoffee.com.br\/en\/wp-json\/wp\/v2\/users\/4"}],"replies":[{"embeddable":true,"href":"https:\/\/www.intercoffee.com.br\/en\/wp-json\/wp\/v2\/comments?post=126"}],"version-history":[{"count":63,"href":"https:\/\/www.intercoffee.com.br\/en\/wp-json\/wp\/v2\/pages\/126\/revisions"}],"predecessor-version":[{"id":1050,"href":"https:\/\/www.intercoffee.com.br\/en\/wp-json\/wp\/v2\/pages\/126\/revisions\/1050"}],"wp:attachment":[{"href":"https:\/\/www.intercoffee.com.br\/en\/wp-json\/wp\/v2\/media?parent=126"}],"curies":[{"name":"wp","href":"https:\/\/api.w.org\/{rel}","templated":true}]}}