{"id":123,"date":"2015-07-18T12:22:49","date_gmt":"2015-07-18T15:22:49","guid":{"rendered":"http:\/\/www.cafeamerica.com.br\/?page_id=123"},"modified":"2024-10-21T14:19:29","modified_gmt":"2024-10-21T17:19:29","slug":"contato","status":"publish","type":"page","link":"https:\/\/www.intercoffee.com.br\/en\/contato\/","title":{"rendered":"CONTACT"},"content":{"rendered":"<div  class=\"section fw-main-row  563675852f2f1fdbd6f3fc010c41353f fly-section-height-auto\"  >\n\t\t<div class=\"fw-container-fluid\">\n\t\t<div class=\"fw-row\">\n\t<div class=\"fw-col-xs-12\">\n\t<section class=\"fly-section-image fly-header-image  fly-section-overlay fly-section-height-md 4a6e49ff8cd76320de21f378b31c9c45 header-image-shortcode\" style=\"background-image:url(https:\/\/www.intercoffee.com.br\/wp-content\/uploads\/2019\/03\/contact-header-bg.jpg);\" >\n        <div class=\"container\">\n\t\t<div class=\"row\">\n\t\t\t\t\t\t\t<h3 class=\"fly-section-image-title-before\">Say hello!<\/h3>\n\t\t\t\t\t\t\t\t\t\t<h2 class=\"fly-section-image-title-after\">CONTACT<\/h2>\n\t\t\t\t\t<\/div>\n\t<\/div>\n<\/section><\/div>\n<\/div>\n\n<div class=\"fw-row\">\n\t<div class=\"fw-col-xs-12 fw-col-sm-4\">\n\t<\/div>\n<div class=\"fw-col-xs-12 fw-col-sm-4\">\n\t<section class=\"fly-wrap-contact-form container-min\" >\n\t<div class=\"container\">\n\t\t<div class=\"row\">\n\t\t\t<div class=\"fly-divider-space space-sm\"><\/div>\n\t\t\t<div class=\"fw-contact-form tf-sh-contact-form-55aa54f89d4fe\">\n\t\t\t\t<div class=\"fw-row wrap-forms wrap-contact-forms\">\n\t\t\t\t\t<form data-fw-form-id=\"fw_form\" method=\"post\" action=\"https:\/\/www.intercoffee.com.br\/en\/wp-json\/wp\/v2\/pages\/123\" class=\"fw_form_fw_form\" data-fw-ext-forms-type=\"contact-forms\" data-trp-original-action=\"https:\/\/www.intercoffee.com.br\/en\/wp-json\/wp\/v2\/pages\/123\"  ><input type=\"hidden\" name=\"fwf\" value=\"fw_form\" \/><input type=\"hidden\" id=\"_nonce_ea03810b52ae2618ac93e32109fa0a78\" name=\"_nonce_ea03810b52ae2618ac93e32109fa0a78\" value=\"2f8fd174dc\" \/><input type=\"hidden\" name=\"_wp_http_referer\" value=\"\/en\/wp-json\/wp\/v2\/pages\/123\" \/><input type=\"hidden\" name=\"fw_ext_forms_form_type\" value=\"contact-forms\" \/><input type=\"hidden\" name=\"fw_ext_forms_form_id\" value=\"contact-form-55aa54f89d4fe\" \/><div class=\"fw-row\">\t<div class=\"header title\">\n\t\t\t\t\t<h2 class=\"fly-contact-form-info-title\">WE CAN HELP YOU <br> Contact us and we will get back to you with a solution!<\/h2>\n\t\t\t<div class=\"fly-contact-form-title-divider\"><\/div>\n\t\t\t\t\t<\/div>\n<\/div><div class=\"fw-row\"><div class=\"fw-col-xs-12 form-builder-item\">\n\t<div class=\"field-text\">\n\t\t\t\t\t<label for=\"id-1\">NAME\t\t\t\t<sup>*<\/sup>\t\t\t<\/label>\n\t\t\t\t<input type=\"text\" name=\"text_799473f\" placeholder=\"\" value=\"\" id=\"id-1\" required=\"required\" >\n\t\t\t<\/div>\n<\/div><\/div><div class=\"fw-row\"><div class=\"fw-col-xs-12 form-builder-item\">\n\t<div class=\"field-text\">\n\t\t\t\t\t<label for=\"id-2\">EMAIL\t\t\t\t<sup>*<\/sup>\t\t\t<\/label>\n\t\t\t\t<input type=\"text\" name=\"email_6d0c076\" placeholder=\"\" value=\"\" id=\"id-2\" required=\"required\" >\n\t\t\t<\/div>\n<\/div><\/div><div class=\"fw-row\"><div class=\"fw-col-xs-12 form-builder-item\">\n\t<div class=\"field-text\">\n\t\t\t\t\t<label for=\"id-3\">PHONE\t\t\t\t<sup>*<\/sup>\t\t\t<\/label>\n\t\t\t\t<input type=\"text\" name=\"text_036da27\" placeholder=\"\" value=\"\" id=\"id-3\" required=\"required\" >\n\t\t\t<\/div>\n<\/div><\/div><div class=\"fw-row\"><div class=\"fw-col-xs-12 form-builder-item\">\n\t<div class=\"field-textarea field-text\">\n\t\t\t\t\t<label for=\"id-4\">MESSAGE\t\t\t\t<sup>*<\/sup>\t\t\t<\/label>\n\t\t\t\t<textarea name=\"textarea_8ed4d6d\" placeholder=\"\" id=\"id-4\" required=\"required\" ><\/textarea>\n\t\t\t<\/div>\n<\/div><\/div><div class=\"fw-row\"><\/div><div class=\"field-submit\">\n\t<input type=\"submit\" value=\"Send\"\/>\n<\/div><input type=\"hidden\" name=\"trp-form-language\" value=\"en\"\/><\/form>\t\t\t\t<\/div>\n\t\t\t<\/div>\n\t\t\t<div class=\"fly-divider-space space-sm\"><\/div>\n\t\t<\/div>\n\t<\/div>\n<\/section><\/div>\n<div class=\"fw-col-xs-12 fw-col-sm-4\">\n\t<\/div>\n<\/div>\n\n<div class=\"fw-row\">\n\t<div class=\"fw-col-xs-12\">\n\t<section class=\"fly-simple-text fly-story-box   fly-section-height-md\" style=\"\" >\n\t<div class=\"container\">\n\t\t<div class=\"row\">\n\t\t\t<div class=\"fly-divider-space space-md\" style=\"\"><\/div>\n\t\t<\/div>\n\t\t<div class=\"row\">\n\t\t\t<div class=\"col-sm-12\">\n\t\t\t\t\t\t\t\t\t<div class=\"fly-story-box-header\">\n\t\t\t\t\t\t<h3 class=\"fly-story-box-title\">Our Addresses<\/h3>\n\t\t\t\t\t\t<div class=\"fly-story-box-divider\"><\/div>\n\t\t\t\t\t<\/div>\n\t\t\t\t\t\t\t\t\t\t\t\t\t<div class=\"fly-simple-box-content\">\n\t\t\t\t\t\t<div style=\"display: flex;\">\n<p style=\"width: 50%;\"><strong>OFFICCE  - S\u00c3O PAULO<\/strong><br \/>Rua Prof. Serafim Orlando, 156 \u2013 anexo 158<br \/>Jardim Vila Mariana \u2013 CEP 04.115-090<br \/>Tel.: (11) 5069-2929<\/p>\n<p style=\"width: 50%;\"><strong>INDUSTRY - MAR\u00cdLIA<\/strong><br \/>Rua Roque Raineri, 100<br \/>Ch\u00e1cara dos Laranjais<br \/>Tel.: (14) 3401-3730<\/p>\n<\/div>\n\t\t\t\t\t<\/div>\n\t\t\t\t\t\t\t<\/div>\n\t\t<\/div>\n\t\t<div class=\"row\">\n\t\t\t<div class=\"fly-divider-space space-md\" style=\"\"><\/div>\n\t\t<\/div>\n\t<\/div>\n<\/section><\/div>\n<\/div>\n\n\t<\/div>\n<\/div>","protected":false},"excerpt":{"rendered":"<p>Diga ol\u00e1! CONTATO N\u00d3S PODEMOS LHE AJUDAR Entre em contato e retornaremos com uma solu\u00e7\u00e3o! NOME * E-MAIL * TELEFONE * MENSAGEM * Nossos Endere\u00e7os ESCRIT\u00d3RIO &#8211; S\u00c3O PAULORua Prof. Serafim Orlando, 156 \u2013 anexo 158Jardim Vila Mariana \u2013 CEP 04.115-090Tel.: (11) 5069-2929 IND\u00daSTRIA &#8211; MAR\u00cdLIARua Roque Raineri, 100Ch\u00e1cara dos LaranjaisTel.: (14) 3401-3730<\/p>","protected":false},"author":4,"featured_media":0,"parent":0,"menu_order":1,"comment_status":"open","ping_status":"closed","template":"visual-builder-template.php","meta":{"footnotes":""},"class_list":["post-123","page","type-page","status-publish","hentry"],"_links":{"self":[{"href":"https:\/\/www.intercoffee.com.br\/en\/wp-json\/wp\/v2\/pages\/123"}],"collection":[{"href":"https:\/\/www.intercoffee.com.br\/en\/wp-json\/wp\/v2\/pages"}],"about":[{"href":"https:\/\/www.intercoffee.com.br\/en\/wp-json\/wp\/v2\/types\/page"}],"author":[{"embeddable":true,"href":"https:\/\/www.intercoffee.com.br\/en\/wp-json\/wp\/v2\/users\/4"}],"replies":[{"embeddable":true,"href":"https:\/\/www.intercoffee.com.br\/en\/wp-json\/wp\/v2\/comments?post=123"}],"version-history":[{"count":31,"href":"https:\/\/www.intercoffee.com.br\/en\/wp-json\/wp\/v2\/pages\/123\/revisions"}],"predecessor-version":[{"id":1101,"href":"https:\/\/www.intercoffee.com.br\/en\/wp-json\/wp\/v2\/pages\/123\/revisions\/1101"}],"wp:attachment":[{"href":"https:\/\/www.intercoffee.com.br\/en\/wp-json\/wp\/v2\/media?parent=123"}],"curies":[{"name":"wp","href":"https:\/\/api.w.org\/{rel}","templated":true}]}}