{"id":1052,"date":"2024-04-04T15:55:35","date_gmt":"2024-04-04T18:55:35","guid":{"rendered":"https:\/\/www.intercoffee.com.br\/?page_id=1052"},"modified":"2024-08-28T14:55:54","modified_gmt":"2024-08-28T17:55:54","slug":"catalogos","status":"publish","type":"page","link":"https:\/\/www.intercoffee.com.br\/en\/catalogos\/","title":{"rendered":"CATALOGS"},"content":{"rendered":"<div  class=\"section fw-main-row  dcd9e336b22c5bd9ca46c7bbe46714f8 fly-section-height-auto\"  >\n\t\t<div class=\"fw-container-fluid\">\n\t\t<div class=\"fw-row\">\n\t<div class=\"fw-col-xs-12\">\n\t<section class=\"fly-section-image fly-header-image  fly-section-overlay fly-section-height-md b3fa270c43bb25f01cbf0ec0056a0576 header-image-shortcode\" style=\"background-image:url(https:\/\/www.intercoffee.com.br\/wp-content\/uploads\/2019\/02\/download.jpg);\" >\n        <div class=\"container\">\n\t\t<div class=\"row\">\n\t\t\t\t\t\t\t\t\t\t<h2 class=\"fly-section-image-title-after\">Catalogs<\/h2>\n\t\t\t\t\t<\/div>\n\t<\/div>\n<\/section><\/div>\n<\/div>\n\n<div class=\"fw-row\">\n\t<div class=\"fw-col-xs-12\">\n\t<div class=\"fly-divider-space\" style=\"margin-bottom:100px;\"  ><\/div><\/div>\n<\/div>\n\n<div class=\"fw-row\">\n\t<div class=\"fw-col-xs-12 fw-col-sm-2\">\n\t<\/div>\n<div class=\"fw-col-xs-12 fw-col-sm-2\">\n\t\n\t\t\t<section class=\"fly-image-shortcode\">\n\t\t\t<div  class=\"container-fluid\">\n\t\t\t\t<div class=\"fly-block-image-parent text-center\" style=\"width: 100%;\">\n\t\t\t\t\t<img decoding=\"async\" src=\"\/\/www.intercoffee.com.br\/wp-content\/uploads\/2024\/04\/thumb-cafe-profeta.jpg\" alt=\"\" \/>\n\t\t\t\t<\/div>\n\t\t\t<\/div>\n\t\t<\/section>\n\t\n<div class=\"fly-only-text text-center mt-5\">\n\t<h5>Caf\u00e9 Profeta - Folder PT-BR<\/h5>\n<\/div>\n<div class=\"text-center\"><a href=\"https:\/\/www.intercoffee.com.br\/wp-content\/uploads\/2024\/04\/Cafe-Profeta.pdf\" target=\"_blank\"   class=\"fly-btn-sh fly-btn sh-2ffda14abb32e23ddb4c7e6f12db4f3e fly-btn-md btn-no-round fly-btn-1\">\n\tDownload<\/a>\n<\/div><\/div>\n<div class=\"fw-col-xs-12 fw-col-sm-2\">\n\t\n\t\t\t<section class=\"fly-image-shortcode\">\n\t\t\t<div  class=\"container-fluid\">\n\t\t\t\t<div class=\"fly-block-image-parent text-center\" style=\"width: 100%;\">\n\t\t\t\t\t<img decoding=\"async\" src=\"https:\/\/www.intercoffee.com.br\/wp-content\/uploads\/2024\/08\/thumb-catalogo-Cafe-America-EN-2024.jpg\" alt=\"\" \/>\n\t\t\t\t<\/div>\n\t\t\t<\/div>\n\t\t<\/section>\n\t\n<div class=\"fly-only-text text-center\">\n\t<h5>Caf\u00e9 Am\u00e9rica - Catalog<\/h5>\n<\/div>\n<div class=\"text-center\"><a href=\"https:\/\/www.intercoffee.com.br\/wp-content\/uploads\/2024\/08\/Cafe-America-Catalog-EN.pdf\" target=\"_blank\"   class=\"fly-btn-sh fly-btn sh-92852cf64247aca3717ad006c2d31a28 fly-btn-md btn-no-round fly-btn-1\">\n\tDownload<\/a>\n<\/div><\/div>\n<div class=\"fw-col-xs-12 fw-col-sm-2\">\n\t\n\t\t\t<section class=\"fly-image-shortcode\">\n\t\t\t<div  class=\"container-fluid\">\n\t\t\t\t<div class=\"fly-block-image-parent text-center\" style=\"width: 100%;\">\n\t\t\t\t\t<img decoding=\"async\" src=\"\/\/www.intercoffee.com.br\/wp-content\/uploads\/2024\/04\/thumb-catalogo-Bevan.jpg\" alt=\"\" \/>\n\t\t\t\t<\/div>\n\t\t\t<\/div>\n\t\t<\/section>\n\t\n<div class=\"fly-only-text text-center\">\n\t<h5>Bevan - Catalog PT-BR<\/h5>\n<\/div>\n<div class=\"text-center\"><a href=\"https:\/\/www.intercoffee.com.br\/wp-content\/uploads\/2024\/04\/Catalogo-Bevan.pdf\" target=\"_blank\"   class=\"fly-btn-sh fly-btn sh-f0d399b8348e5f29ef0d5bfdff17272c fly-btn-md btn-no-round fly-btn-1\">\n\tDownload<\/a>\n<\/div><\/div>\n<div class=\"fw-col-xs-12 fw-col-sm-2\">\n\t\n\t\t\t<section class=\"fly-image-shortcode\">\n\t\t\t<div  class=\"container-fluid\">\n\t\t\t\t<div class=\"fly-block-image-parent text-center\" style=\"width: 100%;\">\n\t\t\t\t\t<img decoding=\"async\" src=\"\/\/www.intercoffee.com.br\/wp-content\/uploads\/2024\/04\/thumb-folder-Spidem-Trevi.jpg\" alt=\"\" \/>\n\t\t\t\t<\/div>\n\t\t\t<\/div>\n\t\t<\/section>\n\t\n<div class=\"fly-only-text text-center\">\n\t<h5>M\u00e1quina Spidem Trevi - Folder PT-BR<\/h5>\n<\/div>\n<div class=\"text-center\"><a href=\"https:\/\/www.intercoffee.com.br\/wp-content\/uploads\/2024\/04\/Folder-Maquina-de-Cafe-Spidem-8120-0.pdf\" target=\"_blank\"   class=\"fly-btn-sh fly-btn sh-ad74df638ce388223106d29c257f3ef5 fly-btn-md btn-no-round fly-btn-1\">\n\tDownload<\/a>\n<\/div><\/div>\n<div class=\"fw-col-xs-12 fw-col-sm-2\">\n\t<\/div>\n<\/div>\n\n<div class=\"fw-row\">\n\t<div class=\"fw-col-xs-12\">\n\t<div class=\"fly-divider-space\" style=\"margin-bottom:100px;\"  ><\/div><\/div>\n<\/div>\n\n\t<\/div>\n<\/div>","protected":false},"excerpt":{"rendered":"<p>Cat\u00e1logos Caf\u00e9 Profeta &#8211; Folder Download Caf\u00e9 Am\u00e9rica &#8211; Cat\u00e1logo Download Bevan &#8211; Cat\u00e1logo Download M\u00e1quina Spidem Trevi &#8211; Folder Download<\/p>","protected":false},"author":4,"featured_media":0,"parent":0,"menu_order":0,"comment_status":"closed","ping_status":"closed","template":"visual-builder-template.php","meta":{"footnotes":""},"class_list":["post-1052","page","type-page","status-publish","hentry"],"_links":{"self":[{"href":"https:\/\/www.intercoffee.com.br\/en\/wp-json\/wp\/v2\/pages\/1052"}],"collection":[{"href":"https:\/\/www.intercoffee.com.br\/en\/wp-json\/wp\/v2\/pages"}],"about":[{"href":"https:\/\/www.intercoffee.com.br\/en\/wp-json\/wp\/v2\/types\/page"}],"author":[{"embeddable":true,"href":"https:\/\/www.intercoffee.com.br\/en\/wp-json\/wp\/v2\/users\/4"}],"replies":[{"embeddable":true,"href":"https:\/\/www.intercoffee.com.br\/en\/wp-json\/wp\/v2\/comments?post=1052"}],"version-history":[{"count":18,"href":"https:\/\/www.intercoffee.com.br\/en\/wp-json\/wp\/v2\/pages\/1052\/revisions"}],"predecessor-version":[{"id":1098,"href":"https:\/\/www.intercoffee.com.br\/en\/wp-json\/wp\/v2\/pages\/1052\/revisions\/1098"}],"wp:attachment":[{"href":"https:\/\/www.intercoffee.com.br\/en\/wp-json\/wp\/v2\/media?parent=1052"}],"curies":[{"name":"wp","href":"https:\/\/api.w.org\/{rel}","templated":true}]}}